{"id":9,"date":"2021-06-02T00:00:07","date_gmt":"2021-06-02T00:00:07","guid":{"rendered":"http:\/\/walk.paris\/?page_id=9"},"modified":"2023-01-05T16:18:32","modified_gmt":"2023-01-05T15:18:32","slug":"about","status":"publish","type":"page","link":"https:\/\/walk.paris\/index.php\/fr\/about\/","title":{"rendered":"Bio"},"content":{"rendered":"\n<p class=\"has-text-align-right\"><em>Photo <strong>\u00a9<\/strong> Fran\u00e7ois Grunberg<\/em><\/p>\n\n\n\n<p>Je n&#8217;ai pas toujours \u00e9t\u00e9 Comte, et ne me suis pas toujours appel\u00e9 Saint-Germain. Je suis n\u00e9 il y a environ 2200 ans, sur un petit \u00eelot de terre plus tard rattach\u00e9 \u00e0 d&#8217;autres pour former l&#8217;\u00eele de la Cit\u00e9. Mes parents \u00e9taient des Celtes Parisii, bateliers de basse extraction. <\/p>\n\n\n\n<p>J&#8217;ai v\u00e9cu l&#8217;invasion des arm\u00e9es romaines, le m\u00e9lange des cultures celtes et latines, la christianisation de la r\u00e9gion. Celle-ci a tellement chang\u00e9 de fronti\u00e8res et de nom au cours du temps, qu&#8217;aujourd&#8217;hui encore, je me sens plus Parisien que Fran\u00e7ais. Je sais que le &#8220;roman national&#8221; est une fiction, que ce qu&#8217;on appelle aujourd&#8217;hui la France est depuis des si\u00e8cles un lieu de m\u00e9lange culturel, ethnique, religieux et politique  en perp\u00e9tuelle r\u00e9invention.<\/p>\n\n\n\n<p>J&#8217;ai beaucoup voyag\u00e9 en plus de 2000 ans, mais je suis toujours revenu \u00e0 Paris. J&#8217;ai \u00e9t\u00e9 batelier, fermier, marchand, mercenaire, moine. J&#8217;ai connu la richesse et la gloire sous Louis XV, mon \u00e9veil politique lors la R\u00e9volution et mes derniers combats l&#8217;arme \u00e0 la main pendant la Commune. Depuis l&#8217;arriv\u00e9e de la photographie, je me fais beaucoup, beaucoup plus discret.<\/p>\n\n\n\n<p>Je m&#8217;int\u00e9resse \u00e0 la science depuis ce qu&#8217;on appelle aujourd&#8217;hui la Renaissance. Philosophie, alchimie, chimie, biologie mol\u00e9culaire, neurosciences, intelligence artificielle, m\u00e8mes sur internet: l&#8217;\u00e9volution de la technologie et des moyens de communication me fascine et me d\u00e9sole parfois.<\/p>\n\n\n\n<p>Dans la nuit du passage \u00e0 2021 j&#8217;\u00e9tais d&#8217;ailleurs en train de filmer <a href=\"https:\/\/www.instagram.com\/p\/CJetSf1In1P\/\" target=\"_blank\" rel=\"noreferrer noopener\">une vid\u00e9o \u00e0 360\u00b0 place de la Bastille quand la r\u00e9alit\u00e9 s&#8217;est tordue<\/a> et je suis tomb\u00e9&#8230;. d<a href=\"https:\/\/www.instagram.com\/p\/CJg692xItEm\/\" target=\"_blank\" rel=\"noreferrer noopener\">ans une cellule de Bastille, face \u00e0 l&#8217;Homme au Masque de Fer<\/a>!<\/p>\n\n\n\n<p>C&#8217;\u00e9tait impossible: l&#8217;Homme au Masque de Fer n&#8217;a jamais exist\u00e9! Je n&#8217;\u00e9tais pas dans le pass\u00e9, mais dans l&#8217;Esprit de Paris, l&#8217;inconscient collectif de la ville, son image r\u00eav\u00e9e. <a rel=\"noreferrer noopener\" href=\"https:\/\/www.instagram.com\/p\/CJqpbiSIbS0\/\" target=\"_blank\">Fa\u00e7onn\u00e9e par Hollywood, Netflix et Instagram, par les pens\u00e9es de milliards d&#8217;\u00eatre humains qui imaginent Paris sans y vivre<\/a>. Pour fuir ce lieu \u00e9trange, j&#8217;ai cr\u00e9\u00e9 un rituel m\u00ealant r\u00eave et r\u00e9alit\u00e9, magie et technologie, et <a rel=\"noreferrer noopener\" href=\"https:\/\/www.instagram.com\/p\/CK66rb2AVYb\/\" target=\"_blank\">suis r\u00e9apparu dans le vrai Paris: pr\u00e8s du lieu de ma naissance, en pleine crue de la Seine<\/a>!<\/p>\n\n\n\n<p>Depuis, je fais des aller-retour involontaires entre le vrai Paris et l&#8217;Esprit de Paris. Gr\u00e2ce \u00e0 vous, <a href=\"https:\/\/walk.paris\/index.php\/fr\/a-homepage-section\/\" data-type=\"page\" data-id=\"12\" target=\"_blank\" rel=\"noreferrer noopener\">je peux me t\u00e9l\u00e9charger dans votre t\u00e9l\u00e9phone et vous guider \u00e0 travers les rues<\/a> qui me manquent tant. En \u00e9change, vous en apprendrez plus sur la ville, son histoire r\u00e9cente ou ancienne, ses habitantes incroyabl\u00b7e\u00b7s, c\u00e9l\u00e8bres  ou anonymes: <a href=\"https:\/\/walk.paris\/index.php\/fr\/balades-audio\/\" data-type=\"page\" data-id=\"40\" target=\"_blank\" rel=\"noreferrer noopener\">soyez mes jambes, je serai vos oreilles<\/a>!<\/p>\n","protected":false},"excerpt":{"rendered":"<p>Photo \u00a9 Fran\u00e7ois Grunberg Je n&#8217;ai pas toujours \u00e9t\u00e9 Comte, et ne me suis pas toujours appel\u00e9 Saint-Germain. Je suis n\u00e9 il y a environ 2200 ans, sur un petit \u00eelot de terre plus tard rattach\u00e9 \u00e0 d&#8217;autres pour former l&#8217;\u00eele de la Cit\u00e9. Mes parents \u00e9taient des Celtes Parisii, bateliers de basse extraction. J&#8217;ai &hellip; <\/p>\n<p class=\"link-more\"><a href=\"https:\/\/walk.paris\/index.php\/fr\/about\/\" class=\"more-link\">Continue reading<span class=\"screen-reader-text\"> &#8220;Bio&#8221;<\/span><\/a><\/p>\n","protected":false},"author":1,"featured_media":158,"parent":0,"menu_order":0,"comment_status":"closed","ping_status":"closed","template":"","meta":{"footnotes":""},"jetpack_sharing_enabled":true,"_links":{"self":[{"href":"https:\/\/walk.paris\/index.php\/wp-json\/wp\/v2\/pages\/9"}],"collection":[{"href":"https:\/\/walk.paris\/index.php\/wp-json\/wp\/v2\/pages"}],"about":[{"href":"https:\/\/walk.paris\/index.php\/wp-json\/wp\/v2\/types\/page"}],"author":[{"embeddable":true,"href":"https:\/\/walk.paris\/index.php\/wp-json\/wp\/v2\/users\/1"}],"replies":[{"embeddable":true,"href":"https:\/\/walk.paris\/index.php\/wp-json\/wp\/v2\/comments?post=9"}],"version-history":[{"count":20,"href":"https:\/\/walk.paris\/index.php\/wp-json\/wp\/v2\/pages\/9\/revisions"}],"predecessor-version":[{"id":317,"href":"https:\/\/walk.paris\/index.php\/wp-json\/wp\/v2\/pages\/9\/revisions\/317"}],"wp:featuredmedia":[{"embeddable":true,"href":"https:\/\/walk.paris\/index.php\/wp-json\/wp\/v2\/media\/158"}],"wp:attachment":[{"href":"https:\/\/walk.paris\/index.php\/wp-json\/wp\/v2\/media?parent=9"}],"curies":[{"name":"wp","href":"https:\/\/api.w.org\/{rel}","templated":true}]}}