{"id":8,"date":"2021-06-02T00:00:07","date_gmt":"2021-06-02T00:00:07","guid":{"rendered":"http:\/\/walk.paris\/?page_id=8"},"modified":"2021-07-18T22:09:50","modified_gmt":"2021-07-18T21:09:50","slug":"home","status":"publish","type":"page","link":"https:\/\/walk.paris\/index.php\/fr\/home\/","title":{"rendered":"Bienvenue dans mon Paris"},"content":{"rendered":"\n<p class=\"has-text-align-right\"><em><em>Photo <strong>\u00a9<\/strong> Fran\u00e7ois Grunberg<\/em><\/em><\/p>\n\n\n\n<p>Je suis le Comte de Saint-Germain, un immortel qui vous invite \u00e0 <a href=\"https:\/\/walk.paris\/index.php\/fr\/balades-audio\/\" data-type=\"page\" data-id=\"40\" target=\"_blank\" rel=\"noreferrer noopener\">des visites audio uniques dans Paris<\/a>. Laissez vous guider par <a href=\"https:\/\/walk.paris\/index.php\/fr\/a-homepage-section\/\" data-type=\"page\" data-id=\"12\" target=\"_blank\" rel=\"noreferrer noopener\">ma voix et le GPS de votre smartphone<\/a> pour (re)d\u00e9couvrir la ville, avec toute l&#8217;authenticit\u00e9 -et la subjectivit\u00e9- d&#8217;une personne qui a vraiment v\u00e9cu les \u00e9v\u00e9nements dont elle parle.<\/p>\n\n\n\n<p>Je vous ferai parfois lever la t\u00eate, regarder \u00e0 vos pieds, voire tendre l&#8217;oreille pour entendre les sons du pass\u00e9 ou de lieux inaccessibles. Les rues que nous arpenterons auront souvent des noms d&#8217;hommes, vieux, bourgeois et blancs: j&#8217;en parlerai avec plaisir, mais vous montrerai que Paris s&#8217;est aussi faite gr\u00e2ce \u00e0 des femmes, des jeunes, des prol\u00e9taires et des personnes racis\u00e9es aux destins tout aussi importants!<\/p>\n","protected":false},"excerpt":{"rendered":"<p>Photo \u00a9 Fran\u00e7ois Grunberg Je suis le Comte de Saint-Germain, un immortel qui vous invite \u00e0 des visites audio uniques dans Paris. Laissez vous guider par ma voix et le GPS de votre smartphone pour (re)d\u00e9couvrir la ville, avec toute l&#8217;authenticit\u00e9 -et la subjectivit\u00e9- d&#8217;une personne qui a vraiment v\u00e9cu les \u00e9v\u00e9nements dont elle parle. &hellip; <\/p>\n<p class=\"link-more\"><a href=\"https:\/\/walk.paris\/index.php\/fr\/home\/\" class=\"more-link\">Continue reading<span class=\"screen-reader-text\"> &#8220;Bienvenue dans mon Paris&#8221;<\/span><\/a><\/p>\n","protected":false},"author":1,"featured_media":57,"parent":0,"menu_order":0,"comment_status":"closed","ping_status":"closed","template":"","meta":{"footnotes":""},"jetpack_sharing_enabled":true,"_links":{"self":[{"href":"https:\/\/walk.paris\/index.php\/wp-json\/wp\/v2\/pages\/8"}],"collection":[{"href":"https:\/\/walk.paris\/index.php\/wp-json\/wp\/v2\/pages"}],"about":[{"href":"https:\/\/walk.paris\/index.php\/wp-json\/wp\/v2\/types\/page"}],"author":[{"embeddable":true,"href":"https:\/\/walk.paris\/index.php\/wp-json\/wp\/v2\/users\/1"}],"replies":[{"embeddable":true,"href":"https:\/\/walk.paris\/index.php\/wp-json\/wp\/v2\/comments?post=8"}],"version-history":[{"count":14,"href":"https:\/\/walk.paris\/index.php\/wp-json\/wp\/v2\/pages\/8\/revisions"}],"predecessor-version":[{"id":227,"href":"https:\/\/walk.paris\/index.php\/wp-json\/wp\/v2\/pages\/8\/revisions\/227"}],"wp:featuredmedia":[{"embeddable":true,"href":"https:\/\/walk.paris\/index.php\/wp-json\/wp\/v2\/media\/57"}],"wp:attachment":[{"href":"https:\/\/walk.paris\/index.php\/wp-json\/wp\/v2\/media?parent=8"}],"curies":[{"name":"wp","href":"https:\/\/api.w.org\/{rel}","templated":true}]}}