{"id":40,"date":"2021-06-04T20:10:35","date_gmt":"2021-06-04T19:10:35","guid":{"rendered":"https:\/\/walk.paris\/?page_id=40"},"modified":"2023-01-05T16:16:48","modified_gmt":"2023-01-05T15:16:48","slug":"balades-audio","status":"publish","type":"page","link":"https:\/\/walk.paris\/index.php\/fr\/balades-audio\/","title":{"rendered":"Balades audio"},"content":{"rendered":"\n<p><strong>Autour de Montsouris: eaux secr\u00e8tes et villages cach\u00e9s<\/strong><\/p>\n\n\n\n<p>Si vous \u00eates du genre visuel, je vous recommande <a rel=\"noreferrer noopener\" href=\"https:\/\/voicemap.me\/tour\/paris\/autour-de-montsouris-eaux-secretes-et-villages-caches\" target=\"_blank\">ma balade qui d\u00e9marre dans le sud du 14e arrondissement de Paris, autour de Montsouris<\/a>. Vous connaissez sans doute le parc, mais le quartier autour a une histoire incroyable: pr\u00e8s de 2000 ans de vestiges visibles depuis ses rues, et des habitant\u00b7e\u00b7s allant de la premi\u00e8re star Noire de Montparnasse (avant Jos\u00e9phine Baker!) \u00e0 une peintre gauchiste, lesbienne et h\u00e9ro\u00efne de la R\u00e9sistance.<\/p>\n\n\n\n<p>D&#8217;ailleurs, vous n&#8217;entendrez pas seulement ma voix pendant la balade, mais aussi des \u00e9chos du pass\u00e9, de cours d&#8217;eau sous vos pieds et de f\u00eates mythiques. <a rel=\"noreferrer noopener\" href=\"https:\/\/voicemap.me\/tour\/paris\/autour-de-montsouris-eaux-secretes-et-villages-caches\" target=\"_blank\">Vous pouvez \u00e9couter les trois premi\u00e8res \u00e9tapes de cette balade gratuitement en cliquant ici.<\/a><\/p>\n\n\n\n<figure class=\"wp-block-image size-large\"><a href=\"https:\/\/voicemap.me\/tour\/paris\/autour-de-montsouris-eaux-secretes-et-villages-caches\" target=\"_blank\" rel=\"noreferrer noopener\"><img decoding=\"async\" loading=\"lazy\" width=\"525\" height=\"327\" src=\"https:\/\/i0.wp.com\/walk.paris\/wp-content\/uploads\/2023\/01\/SquareMontsouris.jpg?resize=525%2C327&#038;ssl=1\" alt=\"\" class=\"wp-image-304\" srcset=\"https:\/\/i0.wp.com\/walk.paris\/wp-content\/uploads\/2023\/01\/SquareMontsouris.jpg?resize=1024%2C638&amp;ssl=1 1024w, https:\/\/i0.wp.com\/walk.paris\/wp-content\/uploads\/2023\/01\/SquareMontsouris.jpg?resize=300%2C187&amp;ssl=1 300w, https:\/\/i0.wp.com\/walk.paris\/wp-content\/uploads\/2023\/01\/SquareMontsouris.jpg?resize=768%2C478&amp;ssl=1 768w, https:\/\/i0.wp.com\/walk.paris\/wp-content\/uploads\/2023\/01\/SquareMontsouris.jpg?resize=1536%2C956&amp;ssl=1 1536w, https:\/\/i0.wp.com\/walk.paris\/wp-content\/uploads\/2023\/01\/SquareMontsouris.jpg?w=2048&amp;ssl=1 2048w\" sizes=\"(max-width: 706px) 89vw, (max-width: 767px) 82vw, 740px\" data-recalc-dims=\"1\" \/><\/a><\/figure>\n\n\n\n<p><\/p>\n\n\n\n<p><strong>Sur les pas de Lupin, au dessus des catacombes de Paris<\/strong><\/p>\n\n\n\n<p><a rel=\"noreferrer noopener\" href=\"http:\/\/voicemap.me\/catacombes\" target=\"_blank\">Si vous aimez les myst\u00e8res, les catacombes, ou la s\u00e9rie Lupin avec Omar Sy, je recommande ma balade dans le nord du 14e arrondissement<\/a>. Elle vous emm\u00e8ne au dessus des v\u00e9ritables lieux du tournage d&#8217;un \u00e9pisode tr\u00e8s sp\u00e9cial: des tunnels parfois priv\u00e9s, parfois publics, creus\u00e9s 20 m\u00e8tres sous Paris. Cette balade explique les liens entre la r\u00e9alit\u00e9 et la fiction, comment les carri\u00e8res souterraines ont \u00e9t\u00e9 utilis\u00e9es par de vrais contrebandiers au XVIIIe si\u00e8cle, par des explorateurs urbain de nos jours (les fameux cataphiles) et part l&#8217;h\u00e9ritier moderne du gentleman cambrioleur pour \u00e9chapper \u00e0 la police.  L&#8217;Ars\u00e8ne Lupin original, n\u00e9 sous la plume de Maurice Leblanc, a lui aussi v\u00e9cu dans le quartier, et je vous montre \u00e9galement son domicile tr\u00e8s sp\u00e9cial.<\/p>\n\n\n\n<p>Moins de ruelles mignonnes ou verdoyantes dans cette balade, mais je vous r\u00e9v\u00e8le ce qui se cache derri\u00e8re les murs et sous vos pieds gr\u00e2ce \u00e0 de riches ambiances sonores et effets sp\u00e9ciaux. <a rel=\"noreferrer noopener\" href=\"http:\/\/voicemap.me\/catacombes\" target=\"_blank\">Vous pouvez \u00e9couter les trois premi\u00e8res \u00e9tapes de cette balade gratuitement en cliquant ici.<\/a><\/p>\n\n\n\n<figure class=\"wp-block-image size-large\"><a href=\"https:\/\/voicemap.me\/tour\/paris\/sur-les-pas-de-lupin-au-dessus-des-catacombes-de-paris\" target=\"_blank\" rel=\"noreferrer noopener\"><img decoding=\"async\" loading=\"lazy\" width=\"525\" height=\"175\" src=\"https:\/\/i0.wp.com\/walk.paris\/wp-content\/uploads\/2023\/01\/lupinabovethecatacombs.jpg?resize=525%2C175&#038;ssl=1\" alt=\"\" class=\"wp-image-306\" srcset=\"https:\/\/i0.wp.com\/walk.paris\/wp-content\/uploads\/2023\/01\/lupinabovethecatacombs.jpg?resize=1024%2C341&amp;ssl=1 1024w, https:\/\/i0.wp.com\/walk.paris\/wp-content\/uploads\/2023\/01\/lupinabovethecatacombs.jpg?resize=300%2C100&amp;ssl=1 300w, https:\/\/i0.wp.com\/walk.paris\/wp-content\/uploads\/2023\/01\/lupinabovethecatacombs.jpg?resize=768%2C256&amp;ssl=1 768w, https:\/\/i0.wp.com\/walk.paris\/wp-content\/uploads\/2023\/01\/lupinabovethecatacombs.jpg?w=1500&amp;ssl=1 1500w\" sizes=\"(max-width: 706px) 89vw, (max-width: 767px) 82vw, 740px\" data-recalc-dims=\"1\" \/><\/a><\/figure>\n\n\n\n<p>Je travaille sur d&#8217;autres visites pour pouvoir visiter Paris en votre compagnie. Soyez mes jambes, je serai vos oreilles!<\/p>\n","protected":false},"excerpt":{"rendered":"<p>Autour de Montsouris: eaux secr\u00e8tes et villages cach\u00e9s Si vous \u00eates du genre visuel, je vous recommande ma balade qui d\u00e9marre dans le sud du 14e arrondissement de Paris, autour de Montsouris. Vous connaissez sans doute le parc, mais le quartier autour a une histoire incroyable: pr\u00e8s de 2000 ans de vestiges visibles depuis ses &hellip; <\/p>\n<p class=\"link-more\"><a href=\"https:\/\/walk.paris\/index.php\/fr\/balades-audio\/\" class=\"more-link\">Continue reading<span class=\"screen-reader-text\"> &#8220;Balades audio&#8221;<\/span><\/a><\/p>\n","protected":false},"author":1,"featured_media":163,"parent":0,"menu_order":0,"comment_status":"closed","ping_status":"closed","template":"","meta":{"footnotes":""},"jetpack_sharing_enabled":true,"_links":{"self":[{"href":"https:\/\/walk.paris\/index.php\/wp-json\/wp\/v2\/pages\/40"}],"collection":[{"href":"https:\/\/walk.paris\/index.php\/wp-json\/wp\/v2\/pages"}],"about":[{"href":"https:\/\/walk.paris\/index.php\/wp-json\/wp\/v2\/types\/page"}],"author":[{"embeddable":true,"href":"https:\/\/walk.paris\/index.php\/wp-json\/wp\/v2\/users\/1"}],"replies":[{"embeddable":true,"href":"https:\/\/walk.paris\/index.php\/wp-json\/wp\/v2\/comments?post=40"}],"version-history":[{"count":10,"href":"https:\/\/walk.paris\/index.php\/wp-json\/wp\/v2\/pages\/40\/revisions"}],"predecessor-version":[{"id":316,"href":"https:\/\/walk.paris\/index.php\/wp-json\/wp\/v2\/pages\/40\/revisions\/316"}],"wp:featuredmedia":[{"embeddable":true,"href":"https:\/\/walk.paris\/index.php\/wp-json\/wp\/v2\/media\/163"}],"wp:attachment":[{"href":"https:\/\/walk.paris\/index.php\/wp-json\/wp\/v2\/media?parent=40"}],"curies":[{"name":"wp","href":"https:\/\/api.w.org\/{rel}","templated":true}]}}