{"id":2,"date":"2021-06-01T23:48:24","date_gmt":"2021-06-01T23:48:24","guid":{"rendered":"http:\/\/walk.paris\/?page_id=2"},"modified":"2021-07-18T22:05:04","modified_gmt":"2021-07-18T21:05:04","slug":"sample-page","status":"publish","type":"page","link":"https:\/\/walk.paris\/index.php\/fr\/sample-page\/","title":{"rendered":"FAQ"},"content":{"rendered":"\n<p><strong>\u00cates vous vraiment le vrai Comte de Saint-Germain?<\/strong><\/p>\n\n\n\n<p>Oui allez <a href=\"https:\/\/walk.paris\/index.php\/fr\/about\/\" data-type=\"page\" data-id=\"9\" target=\"_blank\" rel=\"noreferrer noopener\">lire ma bio<\/a>. Et si vous ne me croyez pas, vous pouvez quand m\u00eame appr\u00e9cier mes visites, mes anecdotes historiques sont v\u00e9ridiques.<\/p>\n\n\n\n<p><strong>Est-ce que vous faites des visites en pr\u00e9sentiel?<\/strong><\/p>\n\n\n\n<p>Mon corps dispara\u00eet tellement souvent dans l&#8217;esprit de Paris, que je ne pr\u00e9f\u00e8re pas. Mais je recommande quelques <a href=\"https:\/\/walk.paris\/index.php\/fr\/en-personne\/\" data-type=\"page\" data-id=\"149\" target=\"_blank\" rel=\"noreferrer noopener\">guides de qualit\u00e9<\/a>.<\/p>\n\n\n\n<p><strong>Vous portez toujours un haut de forme?<\/strong><\/p>\n\n\n\n<p>Non, mais j&#8217;avoue \u00eatre dans une p\u00e9riode XIXe, sans doute \u00e0 cause de l&#8217;aqueduc de Belgrand et des 150 ans de la Commune. Mais j&#8217;aime aussi les tricornes <a rel=\"noreferrer noopener\" href=\"https:\/\/www.instagram.com\/p\/CDCJSEEDqqN\/\" target=\"_blank\">quand je vais \u00e0 Versailles<\/a> ou <a rel=\"noreferrer noopener\" href=\"https:\/\/www.instagram.com\/p\/CQ83bfZIaL4\/\" target=\"_blank\">Vaux-le-Vicomte<\/a>, et je suis &#8220;en civil&#8221; quand j&#8217;ai besoin d&#8217;\u00eatre discret.<\/p>\n\n\n\n<p><strong>Vous pouvez me recommander un bon resto\/h\u00f4tel?<\/strong><\/p>\n\n\n\n<p>Vous savez, les go\u00fbts et les couleurs&#8230; \u00c0 mon \u00e9chelle, les \u00e9tablissements changent ou disparaissent \u00e0 une vitesse folle!  Par exemple, <em>\u00c0 la fran\u00e7aise<\/em>, mon bar \u00e0 cocktails pr\u00e9f\u00e9r\u00e9, a disparu il y a des ann\u00e9es mais j&#8217;ai encore l&#8217;impression d&#8217;avoir pass\u00e9 la nuit derni\u00e8re dans son boudoir souterrain! J&#8217;essaierai de mettre quelques avis sur <a rel=\"noreferrer noopener\" href=\"https:\/\/www.tripadvisor.com\/Profile\/WalkDotParis\" target=\"_blank\">TripAdvisor<\/a>.<\/p>\n\n\n\n<p><strong>Pouvez-vous m&#8217;emmener dans les catacombes interdites?<\/strong><\/p>\n\n\n\n<p>Non, c&#8217;est ill\u00e9gal et dangereux.<\/p>\n\n\n\n<p><strong>Puis-je vous interviewer?<\/strong><\/p>\n\n\n\n<p>Bien s\u00fbr, contactez-moi par email: &#8220;contact AROBASE walk POINT paris&#8221;.  Sinon, en DM sur les r\u00e9seaux sociaux, mais ce sera plus lent, je d\u00e9teste les messageries instantan\u00e9es.<\/p>\n\n\n\n<p><\/p>\n","protected":false},"excerpt":{"rendered":"<p>\u00cates vous vraiment le vrai Comte de Saint-Germain? Oui allez lire ma bio. Et si vous ne me croyez pas, vous pouvez quand m\u00eame appr\u00e9cier mes visites, mes anecdotes historiques sont v\u00e9ridiques. Est-ce que vous faites des visites en pr\u00e9sentiel? Mon corps dispara\u00eet tellement souvent dans l&#8217;esprit de Paris, que je ne pr\u00e9f\u00e8re pas. Mais &hellip; <\/p>\n<p class=\"link-more\"><a href=\"https:\/\/walk.paris\/index.php\/fr\/sample-page\/\" class=\"more-link\">Continue reading<span class=\"screen-reader-text\"> &#8220;FAQ&#8221;<\/span><\/a><\/p>\n","protected":false},"author":1,"featured_media":207,"parent":0,"menu_order":0,"comment_status":"closed","ping_status":"open","template":"","meta":{"footnotes":""},"jetpack_sharing_enabled":true,"_links":{"self":[{"href":"https:\/\/walk.paris\/index.php\/wp-json\/wp\/v2\/pages\/2"}],"collection":[{"href":"https:\/\/walk.paris\/index.php\/wp-json\/wp\/v2\/pages"}],"about":[{"href":"https:\/\/walk.paris\/index.php\/wp-json\/wp\/v2\/types\/page"}],"author":[{"embeddable":true,"href":"https:\/\/walk.paris\/index.php\/wp-json\/wp\/v2\/users\/1"}],"replies":[{"embeddable":true,"href":"https:\/\/walk.paris\/index.php\/wp-json\/wp\/v2\/comments?post=2"}],"version-history":[{"count":8,"href":"https:\/\/walk.paris\/index.php\/wp-json\/wp\/v2\/pages\/2\/revisions"}],"predecessor-version":[{"id":216,"href":"https:\/\/walk.paris\/index.php\/wp-json\/wp\/v2\/pages\/2\/revisions\/216"}],"wp:featuredmedia":[{"embeddable":true,"href":"https:\/\/walk.paris\/index.php\/wp-json\/wp\/v2\/media\/207"}],"wp:attachment":[{"href":"https:\/\/walk.paris\/index.php\/wp-json\/wp\/v2\/media?parent=2"}],"curies":[{"name":"wp","href":"https:\/\/api.w.org\/{rel}","templated":true}]}}