{"id":149,"date":"2021-07-04T13:04:09","date_gmt":"2021-07-04T12:04:09","guid":{"rendered":"https:\/\/walk.paris\/?page_id=149"},"modified":"2022-12-29T22:34:03","modified_gmt":"2022-12-29T21:34:03","slug":"en-personne","status":"publish","type":"page","link":"https:\/\/walk.paris\/index.php\/fr\/en-personne\/","title":{"rendered":"En personne?"},"content":{"rendered":"\n<p>\u00c0 cause de mes disparitions fr\u00e9quentes dans l&#8217;Esprit de Paris, je ne peux malheureusement  proposer que des <a href=\"https:\/\/walk.paris\/index.php\/fr\/balades-audio\/\" data-type=\"page\" data-id=\"40\">visites audio utilisant votre smartphone<\/a>, et non guid\u00e9es par ma personne physique. Imaginez que nous prenions rendez-vous et que je me retrouve coinc\u00e9 par <a rel=\"noreferrer noopener\" href=\"https:\/\/www.instagram.com\/p\/CJlO7zrgo6_\/\" target=\"_blank\"><em>Emily in Paris<\/em> qui me photobombe le Baiser de l&#8217;H\u00f4tel de Ville<\/a>!<\/p>\n\n\n\n<p>Heureusement, voici <strong>quelques guides de talent dont j&#8217;ai appr\u00e9ci\u00e9 les visites en pr\u00e9sentiel, <\/strong>n&#8217;h\u00e9sitez pas \u00e0 les contacter de la part du Comte de Saint-Germain:<\/p>\n\n\n\n<p><a rel=\"noreferrer noopener\" href=\"https:\/\/www.leparisnoir.com\/\" target=\"_blank\"><strong>Le Paris Noir:<\/strong><\/a> depuis des si\u00e8cles, les Afro-descendants font rayonner la Ville Lumi\u00e8re. K\u00e9vi Donnat vous fera d\u00e9couvrir des personnalit\u00e9s \u00e0 la t\u00eate des plus hautes institutions politiques, des plus grandes avant-gardes artistiques et leurs histoires invisibilis\u00e9es. <\/p>\n\n\n\n<p><a rel=\"noreferrer noopener\" href=\"https:\/\/www.croquebrique.com\/\" target=\"_blank\"><strong>Croquebrique<\/strong><\/a> vous emm\u00e8ne dans le &#8220;Paris moche&#8221;, et rend \u00e7a fun! Il vous expliquera pourquoi on a commenc\u00e9 \u00e0 construire des gratte-ciels dans Paris \u00e0 la place des immeubles haussmanniens, et pourquoi on a arr\u00eat\u00e9. Si vous ne voulez vraiment pas d\u00e9couvrir l&#8217;architecture de Chinatown ou de La D\u00e9fense, il  peut aussi vous promener dans le Parc Montsouris.<\/p>\n\n\n\n<p><strong><a rel=\"noreferrer noopener\" href=\"http:\/\/www.dedale.org\/\" target=\"_blank\">D\u00e9dale:<\/a> <\/strong>Aurore Juvenelle vous r\u00e9v\u00e8le des femmes litt\u00e9ralement cach\u00e9es au dos des tombes du P\u00e8re Lachaise, et les aventures des Communards anonymes de la Butte-aux-Cailles. C&#8217;est 100% original, 100% sourc\u00e9 historiquement, et \u00e7a secoue!<\/p>\n\n\n\n<p><a rel=\"noreferrer noopener\" href=\"https:\/\/www.parisguidetour.com\/\" target=\"_blank\"><strong>Elisa your guide in Paris<\/strong><\/a> vous montre que le street art n&#8217;est pas seulement de la peinture sur des murs, mais aussi des personnes, des intentions, et m\u00eame des r\u00e8glements sur qui doit nettoyer les fa\u00e7ades! C&#8217;est toute la beaut\u00e9 de Paris: vous pouvez visiter les m\u00eames rues de la Butte-aux-Cailles, une fois avec Aurore et une fois avec Elisa, et d\u00e9couvrir deux aspects compl\u00e8tement diff\u00e9rents du m\u00eame quartier.<\/p>\n\n\n\n<p>Si vous pr\u00e9f\u00e9rez une guide en costume, \u00e0 la tomb\u00e9e de la nuit, lampe \u00e0 p\u00e9trole \u00e0 la main, je vous conseille <a rel=\"noreferrer noopener\" href=\"http:\/\/inconnuedelaseinetours.com\/\" target=\"_blank\"><strong>L&#8217;Inconnue de la Seine<\/strong><\/a>. Histoire d&#8217;amour macabres, meurtres dans un des quartiers aujourd&#8217;hui touristiques: elle vous fera naviguer les c\u00f4t\u00e9s sombres de la ville lumi\u00e8re en toute s\u00e9curit\u00e9.<\/p>\n\n\n\n<p>Depuis l&#8217;incendie de Notre-Dame, la plus belle vue gothique sur le centre de Paris se trouve en haut de <a rel=\"noreferrer noopener\" href=\"https:\/\/www.desmotsetdesarts.com\/visites-guidees\/visites-guidees-paris\/visite-de-la-tour-saint-jacques\" data-type=\"URL\" data-id=\"https:\/\/www.desmotsetdesarts.com\/visites-guidees\/visites-guidees-paris\/visite-de-la-tour-saint-jacques\" target=\"_blank\"><strong>la tour Saint-Jacques, visitable gr\u00e2ce \u00e0 Des Mots et des Arts<\/strong><\/a>. J&#8217;ai particuli\u00e8rement appr\u00e9ci\u00e9 leur &#8220;fact-checking&#8221; historique sur Nicolas Flamel ou Blaise Pascal. Trop souvent d&#8217;autres guides privil\u00e9gient le sensationnalisme \u00e0 la r\u00e9alit\u00e9 historique qui est pourtant bien assez incroyable en ce qui concerne cette tour.<\/p>\n\n\n\n<p>J&#8217;ai appr\u00e9ci\u00e9 de nombreuses autres visites guid\u00e9es en pr\u00e9sentiel, je les ajouterai au fur et \u00e0 mesure.<\/p>\n","protected":false},"excerpt":{"rendered":"<p>\u00c0 cause de mes disparitions fr\u00e9quentes dans l&#8217;Esprit de Paris, je ne peux malheureusement proposer que des visites audio utilisant votre smartphone, et non guid\u00e9es par ma personne physique. Imaginez que nous prenions rendez-vous et que je me retrouve coinc\u00e9 par Emily in Paris qui me photobombe le Baiser de l&#8217;H\u00f4tel de Ville! Heureusement, voici &hellip; <\/p>\n<p class=\"link-more\"><a href=\"https:\/\/walk.paris\/index.php\/fr\/en-personne\/\" class=\"more-link\">Continue reading<span class=\"screen-reader-text\"> &#8220;En personne?&#8221;<\/span><\/a><\/p>\n","protected":false},"author":1,"featured_media":154,"parent":0,"menu_order":0,"comment_status":"closed","ping_status":"closed","template":"","meta":{"footnotes":""},"jetpack_sharing_enabled":true,"_links":{"self":[{"href":"https:\/\/walk.paris\/index.php\/wp-json\/wp\/v2\/pages\/149"}],"collection":[{"href":"https:\/\/walk.paris\/index.php\/wp-json\/wp\/v2\/pages"}],"about":[{"href":"https:\/\/walk.paris\/index.php\/wp-json\/wp\/v2\/types\/page"}],"author":[{"embeddable":true,"href":"https:\/\/walk.paris\/index.php\/wp-json\/wp\/v2\/users\/1"}],"replies":[{"embeddable":true,"href":"https:\/\/walk.paris\/index.php\/wp-json\/wp\/v2\/comments?post=149"}],"version-history":[{"count":7,"href":"https:\/\/walk.paris\/index.php\/wp-json\/wp\/v2\/pages\/149\/revisions"}],"predecessor-version":[{"id":301,"href":"https:\/\/walk.paris\/index.php\/wp-json\/wp\/v2\/pages\/149\/revisions\/301"}],"wp:featuredmedia":[{"embeddable":true,"href":"https:\/\/walk.paris\/index.php\/wp-json\/wp\/v2\/media\/154"}],"wp:attachment":[{"href":"https:\/\/walk.paris\/index.php\/wp-json\/wp\/v2\/media?parent=149"}],"curies":[{"name":"wp","href":"https:\/\/api.w.org\/{rel}","templated":true}]}}